{"id":9,"date":"2016-03-09T10:48:33","date_gmt":"2016-03-09T09:48:33","guid":{"rendered":"http:\/\/www.cinemasagostino.it\/v2\/?page_id=9"},"modified":"2016-03-16T16:15:32","modified_gmt":"2016-03-16T15:15:32","slug":"chi-siamo","status":"publish","type":"page","link":"https:\/\/www.cinemasagostino.it\/v2\/chi-siamo\/","title":{"rendered":"Chi siamo"},"content":{"rendered":"<div>\n<p align=\"justify\">Il Cinema Teatro S.Agostino \u00e8 un a Associazione Culturale denominata <strong>\u201dCINEMA TEATRO S. AGOSTINO \u201c <\/strong>con sede in Colle di Val d\u2019Elsa ( SI ), in piazza S. Agostino nr.7.<\/p>\n<p><img decoding=\"async\" title=\"Cinema Teatro S.Agostino - piazza S.Agostino, 7 - Colle di Val d'Elsa - tel. 0577 92.40.40\" src=\"http:\/\/www.cinemasagostino.it\/images\/varie\/Cinema%20Teatro%20S.Agostino.jpg\" alt=\"Cinema Teatro S.Agostino - piazza S.Agostino, 7 - Colle di Val d'Elsa - tel. 0577 92.40.40\" \/><\/p>\n<p align=\"justify\">L&#8217;associazione ha carattere volontario e non ha scopi di lucro e si propone di raggiungere finalit\u00e0 educative, formative, sociali, promozionali, culturali ed assistenziali in favore dei giovani, con l\u2019esplicito riferimento all\u2019<strong>ispirazione cristiana<\/strong> ed al sistema educativo di <strong>Don Bosco<\/strong>.<\/p>\n<p align=\"justify\">Altro scopo dell&#8217;Associazione \u00e8 quello di contribuire alla crescita integrale dei giovani, corrispondendo alla loro domanda educativa e favorendo le loro iniziative impegnate nell\u2019area della cultura , dello spettacolo e del tempo libero, con lo scopo di <strong>promuovere le attivita&#8217; culturali, formative, ricreative, organizzative e produttive nell&#8217;ambito della cultura cinematografica<\/strong> e dei <strong>linguaggi audiovisivi<\/strong>.<\/p>\n<\/div>\n<div>Tali obiettivi sono raggiunti con una serie di azioni, che partono dalla gestione dell&#8217;attivit\u00e0 svolta presso l&#8217;omonima Sala (il Cinema Teatro S.Agostino appunto), ma che allargano il proprio ambito anche a molteplici altri fattori:<\/div>\n<div>\n<ul>\n<li>la diffusione della cultura cinematografica sul territorio, attraverso la programmazione dei migliori film presenti sul mercato durante tutto l&#8217;anno;<\/li>\n<li>la creazione di strumenti di analisi ed approfondimento di ogni film programmato, attraverso la <strong>produzione di schede critiche<\/strong> distribuite prima di ogni proiezione;<\/li>\n<li>la programmazione di<strong> serate d&#8217;autore<\/strong>, conferenze ed incontri con il pubblico;<\/li>\n<li>la realizzazione di <strong>corsi di educazione all&#8217;immagine insegnanti<\/strong>;<\/li>\n<li>la realizzazione di <strong>corsi di educazione all&#8217;immagine per studenti<\/strong> e proiezioni guidate, dalle scuole dell&#8217;infanzia, scuole elementari, scuole medie inferiori e superiori;<\/li>\n<li>la programmazione di attivit\u00e0 diverse rispetto a quella del cinema, come teatro, ma anche <strong>proiezione in diretta di grandi eventi<\/strong> (concerti, lirica e sport).<\/li>\n<\/ul>\n<\/div>\n<div>Per questo spendiamo il nostro impegno, ma poich\u00e8 anche la nostra esperienza \u00e8 un percorso tutto da tracciare e da scoprire, in questo senso ogni suggerimento, incoraggiamento, ma anche critica \u00e8 sempre gradita per crescere insieme.<\/div>\n<div><\/div>\n","protected":false},"excerpt":{"rendered":"<p>Il Cinema Teatro S.Agostino \u00e8 un a Associazione Culturale denominata \u201dCINEMA TEATRO S. AGOSTINO \u201c con sede in Colle di Val d\u2019Elsa ( SI ), in piazza S. Agostino nr.7. L&#8217;associazione ha carattere volontario e non ha scopi di lucro e si propone di raggiungere finalit\u00e0 educative, formative, sociali, promozionali, culturali ed assistenziali in favore dei giovani, con l\u2019esplicito riferimento all\u2019ispirazione cristiana ed al sistema educativo di Don Bosco. Altro scopo dell&#8217;Associazione \u00e8 quello di contribuire alla crescita integrale dei giovani, corrispondendo alla loro domanda educativa e favorendo le loro&hellip;<\/p>\n","protected":false},"author":1,"featured_media":0,"parent":0,"menu_order":0,"comment_status":"closed","ping_status":"closed","template":"","meta":{"footnotes":""},"class_list":["post-9","page","type-page","status-publish","hentry"],"_links":{"self":[{"href":"https:\/\/www.cinemasagostino.it\/v2\/wp-json\/wp\/v2\/pages\/9"}],"collection":[{"href":"https:\/\/www.cinemasagostino.it\/v2\/wp-json\/wp\/v2\/pages"}],"about":[{"href":"https:\/\/www.cinemasagostino.it\/v2\/wp-json\/wp\/v2\/types\/page"}],"author":[{"embeddable":true,"href":"https:\/\/www.cinemasagostino.it\/v2\/wp-json\/wp\/v2\/users\/1"}],"replies":[{"embeddable":true,"href":"https:\/\/www.cinemasagostino.it\/v2\/wp-json\/wp\/v2\/comments?post=9"}],"version-history":[{"count":2,"href":"https:\/\/www.cinemasagostino.it\/v2\/wp-json\/wp\/v2\/pages\/9\/revisions"}],"predecessor-version":[{"id":77,"href":"https:\/\/www.cinemasagostino.it\/v2\/wp-json\/wp\/v2\/pages\/9\/revisions\/77"}],"wp:attachment":[{"href":"https:\/\/www.cinemasagostino.it\/v2\/wp-json\/wp\/v2\/media?parent=9"}],"curies":[{"name":"wp","href":"https:\/\/api.w.org\/{rel}","templated":true}]}}